{"id":113,"date":"2019-11-17T09:01:17","date_gmt":"2019-11-17T09:01:17","guid":{"rendered":"http:\/\/tierarztpraxis-heere.de\/wordpress\/?page_id=113"},"modified":"2025-09-12T15:07:35","modified_gmt":"2025-09-12T15:07:35","slug":"monitoring","status":"publish","type":"page","link":"https:\/\/tierarztpraxis-heere.de\/index.php\/monitoring\/","title":{"rendered":"Monitoring"},"content":{"rendered":"\t\t<div data-elementor-type=\"wp-page\" data-elementor-id=\"113\" class=\"elementor elementor-113\">\n\t\t\t\t\t\t<section class=\"elementor-section elementor-top-section elementor-element elementor-element-4cc9eecc elementor-section-boxed elementor-section-height-default elementor-section-height-default\" data-id=\"4cc9eecc\" data-element_type=\"section\">\n\t\t\t\t\t\t<div class=\"elementor-container elementor-column-gap-default\">\n\t\t\t\t\t<div class=\"elementor-column elementor-col-100 elementor-top-column elementor-element elementor-element-5c7654fd\" data-id=\"5c7654fd\" data-element_type=\"column\">\n\t\t\t<div class=\"elementor-widget-wrap elementor-element-populated\">\n\t\t\t\t\t\t<div class=\"elementor-element elementor-element-7649ba5 elementor-invisible elementor-widget elementor-widget-image\" data-id=\"7649ba5\" data-element_type=\"widget\" data-settings=\"{&quot;_animation&quot;:&quot;pulse&quot;}\" data-widget_type=\"image.default\">\n\t\t\t\t<div class=\"elementor-widget-container\">\n\t\t\t\t\t\t\t\t\t\t\t\t<figure class=\"wp-caption\">\n\t\t\t\t\t\t\t\t\t\t<img fetchpriority=\"high\" decoding=\"async\" width=\"790\" height=\"790\" src=\"https:\/\/tierarztpraxis-heere.de\/wp-content\/uploads\/2019\/11\/monitor-1024x1024.jpg\" class=\"attachment-large size-large wp-image-4780\" alt=\"\" srcset=\"https:\/\/tierarztpraxis-heere.de\/wp-content\/uploads\/2019\/11\/monitor-1024x1024.jpg 1024w, https:\/\/tierarztpraxis-heere.de\/wp-content\/uploads\/2019\/11\/monitor-300x300.jpg 300w, https:\/\/tierarztpraxis-heere.de\/wp-content\/uploads\/2019\/11\/monitor-150x150.jpg 150w, https:\/\/tierarztpraxis-heere.de\/wp-content\/uploads\/2019\/11\/monitor-768x768.jpg 768w\" sizes=\"(max-width: 790px) 100vw, 790px\" \/>\t\t\t\t\t\t\t\t\t\t\t<figcaption class=\"widget-image-caption wp-caption-text\">Bild (C) Aleyander Heere<\/figcaption>\n\t\t\t\t\t\t\t\t\t\t<\/figure>\n\t\t\t\t\t\t\t\t\t<\/div>\n\t\t\t\t<\/div>\n\t\t\t\t<div class=\"elementor-element elementor-element-3ff4c67 elementor-widget elementor-widget-text-editor\" data-id=\"3ff4c67\" data-element_type=\"widget\" data-widget_type=\"text-editor.default\">\n\t\t\t\t<div class=\"elementor-widget-container\">\n\t\t\t\t\t\t\t\t\t\n<p>Das Herz-Atem-Monitoring ist Ihnen sicher aus zahlreichen Krankenhausserien bekannt. Es handelt sich um kleine bis gro\u00dfe Computer-Monitore die die Vitalfunktionen des Patienten \u00fcberwachen. In den Serien h\u00e4ufig durch hektisches Piepen und wild zuckende Kurven dargestellt. <br \/><br \/>Das Ger\u00e4t gibt pr\u00e4zise Informationen \u00fcber lebenswichtige Funktionen des Patienten wie etwa die Sauerstoffs\u00e4ttigung, den Puls, die Atmung, den CO2-Gehalt der Atemluft. Zus\u00e4tzlich bietet es ein EKG, sodass Unregelm\u00e4\u00dfgkeiten im Herzschlag oder andere Herzprobleme sofort erkannt werden k\u00f6nnen. <br \/><br \/>Wir setzen ein solches modernes und speziell f\u00fcr die Tiermedizin entwickeltes Ger\u00e4t bei den Narkosen oder zur \u00dcberwachung kritischer Patienten ein. <br \/>Es bietet uns die M\u00f6glichkeit, bei Zwischenf\u00e4llen noch schneller und zielgerichteter\u00a0 zu reagieren. Der Patient wird dadurch sicher \u00fcberwacht, das Narkoserisiko sinkt. <\/p>\n\t\t\t\t\t\t\t\t<\/div>\n\t\t\t\t<\/div>\n\t\t\t\t\t<\/div>\n\t\t<\/div>\n\t\t\t\t\t<\/div>\n\t\t<\/section>\n\t\t\t\t<\/div>\n\t\t","protected":false},"excerpt":{"rendered":"<p>Bild (C) Aleyander Heere Das Herz-Atem-Monitoring ist Ihnen sicher aus zahlreichen Krankenhausserien bekannt. Es handelt sich um kleine bis gro\u00dfe Computer-Monitore die die Vitalfunktionen des Patienten \u00fcberwachen. In den Serien h\u00e4ufig durch hektisches Piepen und wild zuckende Kurven dargestellt. Das Ger\u00e4t gibt pr\u00e4zise Informationen \u00fcber lebenswichtige Funktionen des Patienten wie&#8230;<\/p>\n","protected":false},"author":1,"featured_media":0,"parent":0,"menu_order":0,"comment_status":"closed","ping_status":"closed","template":"","meta":{"footnotes":""},"class_list":["post-113","page","type-page","status-publish","hentry"],"_links":{"self":[{"href":"https:\/\/tierarztpraxis-heere.de\/index.php\/wp-json\/wp\/v2\/pages\/113","targetHints":{"allow":["GET"]}}],"collection":[{"href":"https:\/\/tierarztpraxis-heere.de\/index.php\/wp-json\/wp\/v2\/pages"}],"about":[{"href":"https:\/\/tierarztpraxis-heere.de\/index.php\/wp-json\/wp\/v2\/types\/page"}],"author":[{"embeddable":true,"href":"https:\/\/tierarztpraxis-heere.de\/index.php\/wp-json\/wp\/v2\/users\/1"}],"replies":[{"embeddable":true,"href":"https:\/\/tierarztpraxis-heere.de\/index.php\/wp-json\/wp\/v2\/comments?post=113"}],"version-history":[{"count":9,"href":"https:\/\/tierarztpraxis-heere.de\/index.php\/wp-json\/wp\/v2\/pages\/113\/revisions"}],"predecessor-version":[{"id":6186,"href":"https:\/\/tierarztpraxis-heere.de\/index.php\/wp-json\/wp\/v2\/pages\/113\/revisions\/6186"}],"wp:attachment":[{"href":"https:\/\/tierarztpraxis-heere.de\/index.php\/wp-json\/wp\/v2\/media?parent=113"}],"curies":[{"name":"wp","href":"https:\/\/api.w.org\/{rel}","templated":true}]}}