{"id":4604,"date":"2019-11-24T18:37:25","date_gmt":"2019-11-24T18:37:25","guid":{"rendered":"http:\/\/tierarztpraxis-heere.de\/wordpress\/?page_id=4604"},"modified":"2025-09-12T15:12:14","modified_gmt":"2025-09-12T15:12:14","slug":"ultraschalldiagnostik","status":"publish","type":"page","link":"https:\/\/tierarztpraxis-heere.de\/index.php\/ultraschalldiagnostik\/","title":{"rendered":"Ultraschalldiagnostik"},"content":{"rendered":"\t\t<div data-elementor-type=\"wp-page\" data-elementor-id=\"4604\" class=\"elementor elementor-4604\">\n\t\t\t\t\t\t<section class=\"elementor-section elementor-top-section elementor-element elementor-element-256d04c elementor-section-boxed elementor-section-height-default elementor-section-height-default\" data-id=\"256d04c\" data-element_type=\"section\">\n\t\t\t\t\t\t<div class=\"elementor-container elementor-column-gap-default\">\n\t\t\t\t\t<div class=\"elementor-column elementor-col-100 elementor-top-column elementor-element elementor-element-7aefdc6\" data-id=\"7aefdc6\" data-element_type=\"column\">\n\t\t\t<div class=\"elementor-widget-wrap elementor-element-populated\">\n\t\t\t\t\t\t<div class=\"elementor-element elementor-element-bce71c2 elementor-widget elementor-widget-text-editor\" data-id=\"bce71c2\" data-element_type=\"widget\" data-widget_type=\"text-editor.default\">\n\t\t\t\t<div class=\"elementor-widget-container\">\n\t\t\t\t\t\t\t\t\t<p>Ultraschalldiagnostik \/ Sonographie<\/p><p>Die Ultraschalldiagnostik (Sonographie) ist ein bilgebendes Verfahren zur Untersuchung von organischem Gewebe. Eine Ultraschalldiagnostik wird fast immer ohne Narkose durchgef\u00fchrt. Sie ist schmerzlos, strahlungsfrei und risikoarm. Da sie sich vor allem f\u00fcr die Pr\u00e4nataldiagnostik \/ Schwangerschaftsdiagnostik eignet, wird sie bevorzugt eingesetzt um eine Tr\u00e4chtigkeit zu diagnostizieren und die Vitalit\u00e4t des Nachwuchses zu beurteilen. Die entstandenen Bilder und Videosequenzen geben wir Ihnen gern mit, damit Sie anderen Personen stolz den Nachwuchs in Bewegung zeigen k\u00f6nnen.<\/p><p>Auch Untersuchungen des Herzens lassen sich sehr gut durchf\u00fchren. Hierdurch kann beurteilt werden, ob ein Herz Unterst\u00fctzung ben\u00f6tigt oder ob etwaige Ver\u00e4nderungen noch nicht therapiew\u00fcrdig sind.<\/p><p>Da eine Ultraschalluntersuchung immer mehr Zeit in Anspruch nimmt, als z.B. eine Impfung, ist hier eine Terminabsprache erforderlich. Sie helfen uns sehr, wenn ihr Tier zur Untersuchung n\u00fcchtern vorgestellt wird. Bei der Untersuchung d\u00fcrfen Sie dann gern dabei sein und Ihr Tier beruhigen. <\/p><p>Wir k\u00f6nnen Ihnen die erstellten Bilder und Videos gern auf z.B. einem USB-Stick mitgeben oder Sie Ihnen direkt auf Ihr Handy senden.<\/p>\t\t\t\t\t\t\t\t<\/div>\n\t\t\t\t<\/div>\n\t\t\t\t\t<\/div>\n\t\t<\/div>\n\t\t\t\t\t<\/div>\n\t\t<\/section>\n\t\t\t\t<\/div>\n\t\t","protected":false},"excerpt":{"rendered":"<p>Ultraschalldiagnostik \/ Sonographie Die Ultraschalldiagnostik (Sonographie) ist ein bilgebendes Verfahren zur Untersuchung von organischem Gewebe. Eine Ultraschalldiagnostik wird fast immer ohne Narkose durchgef\u00fchrt. Sie ist schmerzlos, strahlungsfrei und risikoarm. Da sie sich vor allem f\u00fcr die Pr\u00e4nataldiagnostik \/ Schwangerschaftsdiagnostik eignet, wird sie bevorzugt eingesetzt um eine Tr\u00e4chtigkeit zu diagnostizieren und&#8230;<\/p>\n","protected":false},"author":1,"featured_media":0,"parent":0,"menu_order":0,"comment_status":"closed","ping_status":"closed","template":"","meta":{"footnotes":""},"class_list":["post-4604","page","type-page","status-publish","hentry"],"_links":{"self":[{"href":"https:\/\/tierarztpraxis-heere.de\/index.php\/wp-json\/wp\/v2\/pages\/4604","targetHints":{"allow":["GET"]}}],"collection":[{"href":"https:\/\/tierarztpraxis-heere.de\/index.php\/wp-json\/wp\/v2\/pages"}],"about":[{"href":"https:\/\/tierarztpraxis-heere.de\/index.php\/wp-json\/wp\/v2\/types\/page"}],"author":[{"embeddable":true,"href":"https:\/\/tierarztpraxis-heere.de\/index.php\/wp-json\/wp\/v2\/users\/1"}],"replies":[{"embeddable":true,"href":"https:\/\/tierarztpraxis-heere.de\/index.php\/wp-json\/wp\/v2\/comments?post=4604"}],"version-history":[{"count":12,"href":"https:\/\/tierarztpraxis-heere.de\/index.php\/wp-json\/wp\/v2\/pages\/4604\/revisions"}],"predecessor-version":[{"id":6198,"href":"https:\/\/tierarztpraxis-heere.de\/index.php\/wp-json\/wp\/v2\/pages\/4604\/revisions\/6198"}],"wp:attachment":[{"href":"https:\/\/tierarztpraxis-heere.de\/index.php\/wp-json\/wp\/v2\/media?parent=4604"}],"curies":[{"name":"wp","href":"https:\/\/api.w.org\/{rel}","templated":true}]}}