{"id":4738,"date":"2019-11-25T08:21:42","date_gmt":"2019-11-25T08:21:42","guid":{"rendered":"http:\/\/tierarztpraxis-heere.de\/wordpress\/?page_id=4738"},"modified":"2025-09-12T15:00:32","modified_gmt":"2025-09-12T15:00:32","slug":"digitales-roentgen","status":"publish","type":"page","link":"https:\/\/tierarztpraxis-heere.de\/index.php\/digitales-roentgen\/","title":{"rendered":"Digitales R\u00f6ntgen"},"content":{"rendered":"\t\t<div data-elementor-type=\"wp-page\" data-elementor-id=\"4738\" class=\"elementor elementor-4738\">\n\t\t\t\t\t\t<section class=\"elementor-section elementor-top-section elementor-element elementor-element-c23c5cf elementor-section-boxed elementor-section-height-default elementor-section-height-default\" data-id=\"c23c5cf\" data-element_type=\"section\">\n\t\t\t\t\t\t<div class=\"elementor-container elementor-column-gap-default\">\n\t\t\t\t\t<div class=\"elementor-column elementor-col-100 elementor-top-column elementor-element elementor-element-523a1ab\" data-id=\"523a1ab\" data-element_type=\"column\">\n\t\t\t<div class=\"elementor-widget-wrap\">\n\t\t\t\t\t\t\t<\/div>\n\t\t<\/div>\n\t\t\t\t\t<\/div>\n\t\t<\/section>\n\t\t\t\t<section class=\"elementor-section elementor-top-section elementor-element elementor-element-76d43f8 elementor-section-boxed elementor-section-height-default elementor-section-height-default\" data-id=\"76d43f8\" data-element_type=\"section\">\n\t\t\t\t\t\t<div class=\"elementor-container elementor-column-gap-default\">\n\t\t\t\t\t<div class=\"elementor-column elementor-col-100 elementor-top-column elementor-element elementor-element-08a855e\" data-id=\"08a855e\" data-element_type=\"column\">\n\t\t\t<div class=\"elementor-widget-wrap\">\n\t\t\t\t\t\t\t<\/div>\n\t\t<\/div>\n\t\t\t\t\t<\/div>\n\t\t<\/section>\n\t\t\t\t<section class=\"elementor-section elementor-top-section elementor-element elementor-element-fa6c9c8 elementor-section-boxed elementor-section-height-default elementor-section-height-default\" data-id=\"fa6c9c8\" data-element_type=\"section\">\n\t\t\t\t\t\t<div class=\"elementor-container elementor-column-gap-default\">\n\t\t\t\t\t<div class=\"elementor-column elementor-col-100 elementor-top-column elementor-element elementor-element-c70dc91\" data-id=\"c70dc91\" data-element_type=\"column\">\n\t\t\t<div class=\"elementor-widget-wrap elementor-element-populated\">\n\t\t\t\t\t\t<div class=\"elementor-element elementor-element-11eb564 elementor-widget elementor-widget-text-editor\" data-id=\"11eb564\" data-element_type=\"widget\" data-widget_type=\"text-editor.default\">\n\t\t\t\t<div class=\"elementor-widget-container\">\n\t\t\t\t\t\t\t\t\t<h5><b><a href=\"http:\/\/tierarztpraxis-heere.de\/wordpress\/wp-admin\/post.php?post=4738&amp;action=elementor\">Digital, analog. Wo ist der Unterschied?<\/a><\/b><\/h5><p><a href=\"http:\/\/tierarztpraxis-heere.de\/wordpress\/wp-admin\/post.php?post=4738&amp;action=elementor\">Beim Digitalen R\u00f6ntgen trifft dir R\u00f6ntgenstrahlung nicht mehr auf einen lichtempfindlichen Film, der dann wie zu Zeiten der analogen Fotografie mit Chemie belichtet werden muss, sonern auf eine spezielle Folie oder eine Detektorplatte. Diese Daten werden dann zu einzelnen Bildpunkten umgesetzt. Der Computer berechnet daraus dann ein Bild. Dieses k\u00f6nnen wir, ebenso wie Sie es von Ihren Digitalfotos am heimischen PC kennen, mit entsprechenden Programmen bearbeiten. Es funktioniert also fast wie bei Ihrer Digitalkamera, nur dass wir hier mit R\u00f6ntgenstrahlung statt mit Licht Bilder produzieren.<br \/><\/a><\/p><p>Wir k\u00f6nnen die Bilder in Helligkeit und Kontrast ver\u00e4ndern, sie drehen, reinzoomen, beschriften und Messungen durchf\u00fchren. Damit die Bilder aber nicht &#8222;gesch\u00f6nt&#8220; werden k\u00f6nnen, werden Sie in einem f\u00e4lschungssicheren Verfahren gespeichert.<\/p><p>Wir haben also nicht nur die M\u00f6glichkeit die Bilder f\u00fcr unsere Zwecke zu bearbeiten, sondern wir sparen auch noch Zeit, weil die Entwicklung der Aufnahmen nicht mehr Minuten, sondern Sekunden dauert. Au\u00dferdem, und dass ist eines der wichtigsten Kriterien, schonen wir die Umwelt, da wir g\u00e4nzlich auf den Einsatz von Chemie verzichten k\u00f6nnen. Alles in allem ein wirklich sinnvolle Entwicklung.<b><br \/><br \/><\/b><\/p><h5><b>Seit April 2019 haben wir auf digitales R\u00f6ntgen umgestellt.<\/b><\/h5><p>Lange haben wir gewartet, weil die ersten Ger\u00e4te noch viele Probleme machten und vor Allem in der Qualit\u00e4t nicht unseren Anspr\u00fcchen gen\u00fcgten. Unser Ger\u00e4t ist top modern und bietet eine wirklich hervorragende Bildqualit\u00e4t. Es vereinfacht den R\u00f6ntgenablauf ungemein, weshalb die Strahlenbelastung f\u00fcr den Patienten reduziert werden kann.<\/p><p>Die erstellten Aufnahmen k\u00f6nnen wir digital weitergeben, per CD, USB-Stick oder email.<\/p><p>\u00a0<\/p>\t\t\t\t\t\t\t\t<\/div>\n\t\t\t\t<\/div>\n\t\t\t\t\t<\/div>\n\t\t<\/div>\n\t\t\t\t\t<\/div>\n\t\t<\/section>\n\t\t\t\t<\/div>\n\t\t","protected":false},"excerpt":{"rendered":"<p>Digital, analog. Wo ist der Unterschied? Beim Digitalen R\u00f6ntgen trifft dir R\u00f6ntgenstrahlung nicht mehr auf einen lichtempfindlichen Film, der dann wie zu Zeiten der analogen Fotografie mit Chemie belichtet werden muss, sonern auf eine spezielle Folie oder eine Detektorplatte. Diese Daten werden dann zu einzelnen Bildpunkten umgesetzt. Der Computer berechnet&#8230;<\/p>\n","protected":false},"author":1,"featured_media":0,"parent":0,"menu_order":0,"comment_status":"closed","ping_status":"closed","template":"","meta":{"footnotes":""},"class_list":["post-4738","page","type-page","status-publish","hentry"],"_links":{"self":[{"href":"https:\/\/tierarztpraxis-heere.de\/index.php\/wp-json\/wp\/v2\/pages\/4738","targetHints":{"allow":["GET"]}}],"collection":[{"href":"https:\/\/tierarztpraxis-heere.de\/index.php\/wp-json\/wp\/v2\/pages"}],"about":[{"href":"https:\/\/tierarztpraxis-heere.de\/index.php\/wp-json\/wp\/v2\/types\/page"}],"author":[{"embeddable":true,"href":"https:\/\/tierarztpraxis-heere.de\/index.php\/wp-json\/wp\/v2\/users\/1"}],"replies":[{"embeddable":true,"href":"https:\/\/tierarztpraxis-heere.de\/index.php\/wp-json\/wp\/v2\/comments?post=4738"}],"version-history":[{"count":11,"href":"https:\/\/tierarztpraxis-heere.de\/index.php\/wp-json\/wp\/v2\/pages\/4738\/revisions"}],"predecessor-version":[{"id":6162,"href":"https:\/\/tierarztpraxis-heere.de\/index.php\/wp-json\/wp\/v2\/pages\/4738\/revisions\/6162"}],"wp:attachment":[{"href":"https:\/\/tierarztpraxis-heere.de\/index.php\/wp-json\/wp\/v2\/media?parent=4738"}],"curies":[{"name":"wp","href":"https:\/\/api.w.org\/{rel}","templated":true}]}}